{"id":3171,"date":"2022-06-07T10:49:53","date_gmt":"2022-06-07T10:49:53","guid":{"rendered":"https:\/\/dfasto.com\/?page_id=3171"},"modified":"2022-06-13T15:17:55","modified_gmt":"2022-06-13T15:17:55","slug":"quienes-somos","status":"publish","type":"page","link":"https:\/\/dfasto.com\/en\/quienes-somos","title":{"rendered":"Dfasto"},"content":{"rendered":"<div class=\"vc_row wpb_row vc_row-fluid qodef-section vc_custom_1654598937708 qodef-content-aligment-center qodef-grid-section\" style=\"\"><div class=\"clearfix qodef-section-inner\"><div class=\"qodef-section-inner-margin clearfix\"><div class=\"wpb_column vc_column_container vc_col-sm-12\"><div class=\"vc_column-inner\"><div class=\"wpb_wrapper\"><div class=\"qodef-elements-holder qodef-two-columns qodef-responsive-mode-768 qodef-elements-items-float\" ><div class=\"qodef-elements-holder-item qodef-horizontal-alignment-center\"  >\n\t<div class=\"qodef-elements-holder-item-inner\">\n\t\t<div class=\"qodef-elements-holder-item-content qodef-elements-holder-custom-625167\" style=\"padding: 2px 42% 14% 0\">\n\t\t\t\t\t\t<style type=\"text\/css\" data-type=\"qodef-elements-custom-padding\" scoped>\n\t\t\t\t\t\t\t\t@media only screen and (min-width: 1280px) and (max-width: 1600px) {\n\t\t\t\t\t.qodef-elements-holder .qodef-elements-holder-item-content.qodef-elements-holder-custom-625167 {\n\t\t\t\t\t\tpadding: 1px 6% 3% 0 !important;\n\t\t\t\t\t}\n\t\t\t\t}\n\t\t\t\t\t\t\t\t\t\t\t\t\t@media only screen and (min-width: 1024px) and (max-width: 1280px) {\n\t\t\t\t\t\t.qodef-elements-holder .qodef-elements-holder-item-content.qodef-elements-holder-custom-625167 {\n\t\t\t\t\t\t\tpadding: 3% 42% 0% 0 !important;\n\t\t\t\t\t\t}\n\t\t\t\t\t}\n\t\t\t\t\t\t\t\t\t\t\t\t@media only screen and (min-width: 768px) and (max-width: 1024px) {\n\t\t\t\t\t.qodef-elements-holder .qodef-elements-holder-item-content.qodef-elements-holder-custom-625167 {\n\t\t\t\t\t\tpadding: 30px 0% 0% 0 !important;\n\t\t\t\t\t}\n\t\t\t\t}\n\t\t\t\t\t\t\t\t\t\t\t\t@media only screen and (min-width: 600px) and (max-width: 768px) {\n\t\t\t\t\t.qodef-elements-holder .qodef-elements-holder-item-content.qodef-elements-holder-custom-625167 {\n\t\t\t\t\t\tpadding: 30px 0% 0% 0 !important;\n\t\t\t\t\t}\n\t\t\t\t}\n\t\t\t\t\t\t\t\t\t\t\t\t@media only screen and (min-width: 480px) and (max-width: 600px) {\n\t\t\t\t\t.qodef-elements-holder .qodef-elements-holder-item-content.qodef-elements-holder-custom-625167 {\n\t\t\t\t\t\tpadding: 30px 0% 0% 0 !important;\n\t\t\t\t\t}\n\t\t\t\t}\n\t\t\t\t\t\t\t\t\t\t\t\t@media only screen and (max-width: 480px) {\n\t\t\t\t\t.qodef-elements-holder .qodef-elements-holder-item-content.qodef-elements-holder-custom-625167 {\n\t\t\t\t\t\tpadding: 30px 0% 0% 0 !important;\n\t\t\t\t\t}\n\t\t\t\t}\n\t\t\t\t\t\t\t\t<\/style>\n\t\t\t\t\t\t<div class=\"vc_empty_space\"   style=\"height: 100px\"><span class=\"vc_empty_space_inner\"><\/span><\/div>\n<div class=\"qodef-custom-font-holder\" style=\"font-family: Montserrat;font-size: 15px;line-height: 20px;font-weight: 700;letter-spacing: 0px;text-align: left;color: #ffffff\" data-font-size= \"15\" data-line-height= \"20\">\n\tAn Exclusive Company<\/div>\n<div class=\"qodef-custom-font-holder\" style=\"font-family: Montserrat;font-size: 15px;line-height: 20px;font-weight: 400;letter-spacing: 0px;text-align: left;color: #ffffff\" data-font-size= \"15\" data-line-height= \"20\">\n\tDfasto, coming from the Latin fastus is a term that takes us directly to luxury, magnificence, sumptuousness.<\/div><div class=\"vc_empty_space\"   style=\"height: 30px\"><span class=\"vc_empty_space_inner\"><\/span><\/div>\n<div class=\"qodef-custom-font-holder\" style=\"font-family: Montserrat;font-size: 15px;line-height: 20px;font-weight: 400;letter-spacing: 0px;text-align: left;color: #ffffff\" data-font-size= \"15\" data-line-height= \"20\">\n\tFounded by Marta Gonz\u00e1lez, a young woman from Seville who has been dedicated to customer service for more than a decade and whose objective is to promote the culture, gastronomy and tourism of her city in an exclusive way and maintaining high quality standards of services.<\/div><div class=\"vc_empty_space\"   style=\"height: 30px\"><span class=\"vc_empty_space_inner\"><\/span><\/div>\n<div class=\"qodef-custom-font-holder\" style=\"font-family: Montserrat;font-size: 15px;line-height: 20px;font-weight: 400;letter-spacing: 0px;text-align: left;color: #ffffff\" data-font-size= \"15\" data-line-height= \"20\">\n\tDfasto offers its clients unforgettable experiences based on discretion and trust. All the experiences that will take place will be tailored from the very beginning, so that each client feels the importance they deserve.<\/div><div class=\"vc_empty_space\"   style=\"height: 100px\"><span class=\"vc_empty_space_inner\"><\/span><\/div>\t\t<\/div>\n\t<\/div>\n<\/div><\/div><\/div><\/div><\/div><\/div><\/div><\/div>","protected":false},"excerpt":{"rendered":"Una Empresa Exclusiva Dfasto, proveniente del lat\u00edn fastus. Es un t\u00e9rmino que nos lleva directamente al lujo, magnificencia, suntuosidad. Fundada por Marta Gonz\u00e1lez, una joven sevillana que cuenta con m\u00e1s de una d\u00e9cada dedic\u00e1ndose al servicio al cliente y que tiene como objetivo fomentar la...","protected":false},"author":1,"featured_media":0,"parent":0,"menu_order":0,"comment_status":"closed","ping_status":"closed","template":"full-width.php","meta":{"footnotes":""},"class_list":["post-3171","page","type-page","status-publish","hentry"],"_links":{"self":[{"href":"https:\/\/dfasto.com\/en\/wp-json\/wp\/v2\/pages\/3171","targetHints":{"allow":["GET"]}}],"collection":[{"href":"https:\/\/dfasto.com\/en\/wp-json\/wp\/v2\/pages"}],"about":[{"href":"https:\/\/dfasto.com\/en\/wp-json\/wp\/v2\/types\/page"}],"author":[{"embeddable":true,"href":"https:\/\/dfasto.com\/en\/wp-json\/wp\/v2\/users\/1"}],"replies":[{"embeddable":true,"href":"https:\/\/dfasto.com\/en\/wp-json\/wp\/v2\/comments?post=3171"}],"version-history":[{"count":4,"href":"https:\/\/dfasto.com\/en\/wp-json\/wp\/v2\/pages\/3171\/revisions"}],"predecessor-version":[{"id":3176,"href":"https:\/\/dfasto.com\/en\/wp-json\/wp\/v2\/pages\/3171\/revisions\/3176"}],"wp:attachment":[{"href":"https:\/\/dfasto.com\/en\/wp-json\/wp\/v2\/media?parent=3171"}],"curies":[{"name":"wp","href":"https:\/\/api.w.org\/{rel}","templated":true}]}}