{"id":3098,"date":"2022-06-02T10:33:40","date_gmt":"2022-06-02T10:33:40","guid":{"rendered":"https:\/\/dfasto.com\/?page_id=3098"},"modified":"2022-06-02T10:35:25","modified_gmt":"2022-06-02T10:35:25","slug":"experiencias-exclusivas","status":"publish","type":"page","link":"https:\/\/dfasto.com\/en\/experiencias-exclusivas","title":{"rendered":"Experiencias Exclusivas"},"content":{"rendered":"<div class=\"vc_row wpb_row vc_row-fluid qodef-section vc_custom_1654165987035 qodef-content-aligment-center qodef-grid-section\" style=\"\"><div class=\"clearfix qodef-section-inner\"><div class=\"qodef-section-inner-margin clearfix\"><div class=\"wpb_column vc_column_container vc_col-sm-12\"><div class=\"vc_column-inner\"><div class=\"wpb_wrapper\"><div class=\"qodef-elements-holder qodef-two-columns qodef-responsive-mode-768 qodef-elements-items-float\" ><div class=\"qodef-elements-holder-item qodef-horizontal-alignment-center\"  >\n\t<div class=\"qodef-elements-holder-item-inner\">\n\t\t<div class=\"qodef-elements-holder-item-content qodef-elements-holder-custom-932850\" style=\"padding: 2px 42% 14% 0\">\n\t\t\t\t\t\t<style type=\"text\/css\" data-type=\"qodef-elements-custom-padding\" scoped>\n\t\t\t\t\t\t\t\t@media only screen and (min-width: 1280px) and (max-width: 1600px) {\n\t\t\t\t\t.qodef-elements-holder .qodef-elements-holder-item-content.qodef-elements-holder-custom-932850 {\n\t\t\t\t\t\tpadding: 1px 6% 3% 0 !important;\n\t\t\t\t\t}\n\t\t\t\t}\n\t\t\t\t\t\t\t\t\t\t\t\t\t@media only screen and (min-width: 1024px) and (max-width: 1280px) {\n\t\t\t\t\t\t.qodef-elements-holder .qodef-elements-holder-item-content.qodef-elements-holder-custom-932850 {\n\t\t\t\t\t\t\tpadding: 3% 42% 0% 0 !important;\n\t\t\t\t\t\t}\n\t\t\t\t\t}\n\t\t\t\t\t\t\t\t\t\t\t\t@media only screen and (min-width: 768px) and (max-width: 1024px) {\n\t\t\t\t\t.qodef-elements-holder .qodef-elements-holder-item-content.qodef-elements-holder-custom-932850 {\n\t\t\t\t\t\tpadding: 30px 0% 0% 0 !important;\n\t\t\t\t\t}\n\t\t\t\t}\n\t\t\t\t\t\t\t\t\t\t\t\t@media only screen and (min-width: 600px) and (max-width: 768px) {\n\t\t\t\t\t.qodef-elements-holder .qodef-elements-holder-item-content.qodef-elements-holder-custom-932850 {\n\t\t\t\t\t\tpadding: 30px 0% 0% 0 !important;\n\t\t\t\t\t}\n\t\t\t\t}\n\t\t\t\t\t\t\t\t\t\t\t\t@media only screen and (min-width: 480px) and (max-width: 600px) {\n\t\t\t\t\t.qodef-elements-holder .qodef-elements-holder-item-content.qodef-elements-holder-custom-932850 {\n\t\t\t\t\t\tpadding: 30px 0% 0% 0 !important;\n\t\t\t\t\t}\n\t\t\t\t}\n\t\t\t\t\t\t\t\t\t\t\t\t@media only screen and (max-width: 480px) {\n\t\t\t\t\t.qodef-elements-holder .qodef-elements-holder-item-content.qodef-elements-holder-custom-932850 {\n\t\t\t\t\t\tpadding: 30px 0% 0% 0 !important;\n\t\t\t\t\t}\n\t\t\t\t}\n\t\t\t\t\t\t\t\t<\/style>\n\t\t\t\t\t\t<div class=\"vc_empty_space\"   style=\"height: 150px\"><span class=\"vc_empty_space_inner\"><\/span><\/div>\n<div class=\"qodef-custom-font-holder\" style=\"font-family: Montserrat;font-size: 15px;line-height: 20px;font-weight: 400;letter-spacing: 0px;text-align: left;color: #ffffff\" data-font-size= \"15\" data-line-height= \"20\">\n\tWe create very exclusive experiences according to your tastes and preferences to make your stay in Seville unforgettable and get to know our traditions and customs from the most absolute discretion and exclusivity.<\/div><div class=\"vc_empty_space\"   style=\"height: 30px\"><span class=\"vc_empty_space_inner\"><\/span><\/div>\n<div class=\"qodef-custom-font-holder\" style=\"font-family: Montserrat;font-size: 15px;line-height: 20px;font-weight: 400;letter-spacing: 0px;text-align: left;color: #ffffff\" data-font-size= \"15\" data-line-height= \"20\">\n\tExperience first hand private cultural shows and have VIP access to the most important sporting events held in our city.<\/div><div class=\"vc_empty_space\"   style=\"height: 50px\"><span class=\"vc_empty_space_inner\"><\/span><\/div><a href=\"https:\/\/dfasto.com\/en\/\" target=\"_self\" style=\"color: #ffffff;border-color: #ffffff;margin: 5px 5px 5px 0\" class=\"qodef-btn qodef-btn-small qodef-btn-outline qodef-btn-custom-hover-bg qodef-btn-custom-border-hover qodef-btn-custom-hover-color\" data-hover-bg-color=\"#000000\" data-hover-color=\"#ffffff\" data-hover-border-color=\"#000000\" >\n    <span class=\"qodef-btn-text\">MORE SERVICES<\/span>\n    <\/a><div class=\"vc_empty_space\"   style=\"height: 30px\"><span class=\"vc_empty_space_inner\"><\/span><\/div>\t\t<\/div>\n\t<\/div>\n<\/div><\/div><\/div><\/div><\/div><\/div><\/div><\/div>","protected":false},"excerpt":{"rendered":"Creamos experiencias muy exclusivas seg\u00fan sus gustos y preferencias para hacerlas a su medida y que su estancia en Sevilla sea inolvidable y conozca nuestras tradiciones y costumbres desde la m\u00e1s absoluta discreci\u00f3n. Viva en primera persona espect\u00e1culos privados culturales y disponga de acceso vip...","protected":false},"author":1,"featured_media":0,"parent":0,"menu_order":0,"comment_status":"closed","ping_status":"closed","template":"full-width.php","meta":{"footnotes":""},"class_list":["post-3098","page","type-page","status-publish","hentry"],"_links":{"self":[{"href":"https:\/\/dfasto.com\/en\/wp-json\/wp\/v2\/pages\/3098","targetHints":{"allow":["GET"]}}],"collection":[{"href":"https:\/\/dfasto.com\/en\/wp-json\/wp\/v2\/pages"}],"about":[{"href":"https:\/\/dfasto.com\/en\/wp-json\/wp\/v2\/types\/page"}],"author":[{"embeddable":true,"href":"https:\/\/dfasto.com\/en\/wp-json\/wp\/v2\/users\/1"}],"replies":[{"embeddable":true,"href":"https:\/\/dfasto.com\/en\/wp-json\/wp\/v2\/comments?post=3098"}],"version-history":[{"count":4,"href":"https:\/\/dfasto.com\/en\/wp-json\/wp\/v2\/pages\/3098\/revisions"}],"predecessor-version":[{"id":3102,"href":"https:\/\/dfasto.com\/en\/wp-json\/wp\/v2\/pages\/3098\/revisions\/3102"}],"wp:attachment":[{"href":"https:\/\/dfasto.com\/en\/wp-json\/wp\/v2\/media?parent=3098"}],"curies":[{"name":"wp","href":"https:\/\/api.w.org\/{rel}","templated":true}]}}