{"id":2872,"date":"2022-04-22T10:57:00","date_gmt":"2022-04-22T10:57:00","guid":{"rendered":"https:\/\/dfasto.com\/?page_id=2872"},"modified":"2022-06-13T15:14:33","modified_gmt":"2022-06-13T15:14:33","slug":"quien-te-asesora","status":"publish","type":"page","link":"https:\/\/dfasto.com\/en\/quien-te-asesora","title":{"rendered":"ADVISES"},"content":{"rendered":"<div class=\"vc_row wpb_row vc_row-fluid qodef-section vc_custom_1449840833903 qodef-content-aligment-center qodef-grid-section\" style=\"\"><div class=\"clearfix qodef-section-inner\"><div class=\"qodef-section-inner-margin clearfix\"><div class=\"wpb_column vc_column_container vc_col-sm-12\"><div class=\"vc_column-inner\"><div class=\"wpb_wrapper\">\n\t<div class=\"wpb_text_column wpb_content_element\" >\n\t\t<div class=\"wpb_wrapper\">\n\t\t\t<h2>Marta Gonz\u00e1lez Ortega<\/h2>\n\n\t\t<\/div>\n\t<\/div>\n<\/div><\/div><\/div><\/div><\/div><\/div><div class=\"vc_row wpb_row vc_row-fluid qodef-section vc_custom_1449840580334 qodef-content-aligment-left qodef-grid-section\" style=\"\"><div class=\"clearfix qodef-section-inner\"><div class=\"qodef-section-inner-margin clearfix\"><div class=\"wpb_column vc_column_container vc_col-sm-12 vc_col-md-6\"><div class=\"vc_column-inner\"><div class=\"wpb_wrapper\">\n\t<div  class=\"wpb_single_image wpb_content_element vc_align_left\">\n\t\t\n\t\t<figure class=\"wpb_wrapper vc_figure\">\n\t\t\t<div class=\"vc_single_image-wrapper   vc_box_border_grey\"><img loading=\"lazy\" decoding=\"async\" width=\"2180\" height=\"2560\" src=\"https:\/\/dfasto.com\/wp-content\/uploads\/2022\/04\/DFasto-Marta2-scaled.jpg\" class=\"vc_single_image-img attachment-full\" alt=\"\" srcset=\"https:\/\/dfasto.com\/wp-content\/uploads\/2022\/04\/DFasto-Marta2-scaled.jpg 2180w, https:\/\/dfasto.com\/wp-content\/uploads\/2022\/04\/DFasto-Marta2-255x300.jpg 255w, https:\/\/dfasto.com\/wp-content\/uploads\/2022\/04\/DFasto-Marta2-872x1024.jpg 872w, https:\/\/dfasto.com\/wp-content\/uploads\/2022\/04\/DFasto-Marta2-768x902.jpg 768w, https:\/\/dfasto.com\/wp-content\/uploads\/2022\/04\/DFasto-Marta2-1308x1536.jpg 1308w, https:\/\/dfasto.com\/wp-content\/uploads\/2022\/04\/DFasto-Marta2-1744x2048.jpg 1744w\" sizes=\"auto, (max-width: 2180px) 100vw, 2180px\" \/><\/div>\n\t\t<\/figure>\n\t<\/div>\n<div class=\"vc_empty_space\"   style=\"height: 40px\"><span class=\"vc_empty_space_inner\"><\/span><\/div><\/div><\/div><\/div><div class=\"wpb_column vc_column_container vc_col-sm-12 vc_col-md-6\"><div class=\"vc_column-inner\"><div class=\"wpb_wrapper\">\n\t<div class=\"wpb_text_column wpb_content_element\" >\n\t\t<div class=\"wpb_wrapper\">\n\t\t\t<p>Born in Seville, specialised in gastronomy, tourism and events, she has more than 12 years of experience establishing relationships with clients.<\/p>\n<p>After years of coexisting with international cultures and living in different continents, she settles again in Seville with the aim of promoting the excellence of her roots to all visitors to the city by founding Dfasto.<\/p>\n<p>With an entrepreneurial mindset, after finishing her Master degree in Hotel and Hospitality Management, she moved to New York City, where she continued her education in the industry and gained experience that enabled her to start her own company.<\/p>\n\n\t\t<\/div>\n\t<\/div>\n<div class=\"vc_empty_space\"   style=\"height: 20px\"><span class=\"vc_empty_space_inner\"><\/span><\/div>\n\t<div class=\"wpb_text_column wpb_content_element\" >\n\t\t<div class=\"wpb_wrapper\">\n\t\t\t<p><strong><em>\"I am passionate about high standards and quality service. I enjoy seeing the people around me live unforgettable and exclusive experiences.<\/em><\/strong><\/p>\n\n\t\t<\/div>\n\t<\/div>\n<div class=\"vc_empty_space\"   style=\"height: 40px\"><span class=\"vc_empty_space_inner\"><\/span><\/div><\/div><\/div><\/div><\/div><\/div><\/div><div class=\"vc_row wpb_row vc_row-fluid qodef-section vc_custom_1449842984957 qodef-content-aligment-center qodef-grid-section\" style=\"\"><div class=\"clearfix qodef-section-inner\"><div class=\"qodef-section-inner-margin clearfix\"><div class=\"wpb_column vc_column_container vc_col-sm-12\"><div class=\"vc_column-inner\"><div class=\"wpb_wrapper\">\n\t<div class=\"wpb_text_column wpb_content_element\" >\n\t\t<div class=\"wpb_wrapper\">\n\t\t\t<h6>S\u00edguenos<\/h6>\n\n\t\t<\/div>\n\t<\/div>\n<div class=\"vc_empty_space\"   style=\"height: 23px\"><span class=\"vc_empty_space_inner\"><\/span><\/div>\n    <span class=\"qodef-icon-shortcode normal qodef-icon-hover-effect\" style=\"margin: 0px 9px 0 4px\" >\n                    <a class=\"\" href=\"https:\/\/www.facebook.com\/\" target=\"_blank\">\n        \n        <span aria-hidden=\"true\" class=\"qodef-icon-font-elegant social_facebook qodef-icon-element\" style=\"font-size:22px\" ><\/span>\n                    <\/a>\n                            <span class=\"qodef-icon-shader\" ><\/span>\n            <\/span>\n\n\n    <span class=\"qodef-icon-shortcode normal qodef-icon-hover-effect\" style=\"margin: 0px 9px 0 4px\" >\n                    <a class=\"\" href=\"https:\/\/www.youtube.com\" target=\"_blank\">\n        \n        <span aria-hidden=\"true\" class=\"qodef-icon-font-elegant social_youtube qodef-icon-element\" style=\"font-size:22px\" ><\/span>\n                    <\/a>\n                            <span class=\"qodef-icon-shader\" ><\/span>\n            <\/span>\n\n\n    <span class=\"qodef-icon-shortcode normal qodef-icon-hover-effect\" style=\"margin: 0px 0px 0 4px\" >\n                    <a class=\"\" href=\"https:\/\/www.instagram.com\/\" target=\"_blank\">\n        \n        <span aria-hidden=\"true\" class=\"qodef-icon-font-elegant social_instagram qodef-icon-element\" style=\"font-size:22px\" ><\/span>\n                    <\/a>\n                            <span class=\"qodef-icon-shader\" ><\/span>\n            <\/span>\n\n<\/div><\/div><\/div><\/div><\/div><\/div>","protected":false},"excerpt":{"rendered":"Marta Gonz\u00e1lez Ortega Sevillana de cuna, especializada en gastronom\u00eda, turismo y eventos cuenta con m\u00e1s de 12 a\u00f1os de experiencia estableciendo relaciones con clientes. Tras a\u00f1os de convivencia con culturas internacionales y viviendo en diferentes continentes, se establece de nuevo en Sevilla con el objetivo...","protected":false},"author":1,"featured_media":0,"parent":0,"menu_order":0,"comment_status":"closed","ping_status":"closed","template":"full-width.php","meta":{"footnotes":""},"class_list":["post-2872","page","type-page","status-publish","hentry"],"_links":{"self":[{"href":"https:\/\/dfasto.com\/en\/wp-json\/wp\/v2\/pages\/2872","targetHints":{"allow":["GET"]}}],"collection":[{"href":"https:\/\/dfasto.com\/en\/wp-json\/wp\/v2\/pages"}],"about":[{"href":"https:\/\/dfasto.com\/en\/wp-json\/wp\/v2\/types\/page"}],"author":[{"embeddable":true,"href":"https:\/\/dfasto.com\/en\/wp-json\/wp\/v2\/users\/1"}],"replies":[{"embeddable":true,"href":"https:\/\/dfasto.com\/en\/wp-json\/wp\/v2\/comments?post=2872"}],"version-history":[{"count":15,"href":"https:\/\/dfasto.com\/en\/wp-json\/wp\/v2\/pages\/2872\/revisions"}],"predecessor-version":[{"id":3186,"href":"https:\/\/dfasto.com\/en\/wp-json\/wp\/v2\/pages\/2872\/revisions\/3186"}],"wp:attachment":[{"href":"https:\/\/dfasto.com\/en\/wp-json\/wp\/v2\/media?parent=2872"}],"curies":[{"name":"wp","href":"https:\/\/api.w.org\/{rel}","templated":true}]}}