{"id":2802,"date":"2022-04-13T08:15:32","date_gmt":"2022-04-13T08:15:32","guid":{"rendered":"https:\/\/dfasto.com\/?page_id=2802"},"modified":"2022-06-07T10:44:58","modified_gmt":"2022-06-07T10:44:58","slug":"sevilla","status":"publish","type":"page","link":"https:\/\/dfasto.com\/en\/sevilla","title":{"rendered":"Sevilla"},"content":{"rendered":"<div class=\"vc_row wpb_row vc_row-fluid qodef-section vc_custom_1649842052321 qodef-content-aligment-center qodef-grid-section\" style=\"\"><div class=\"clearfix qodef-section-inner\"><div class=\"qodef-section-inner-margin clearfix\"><div class=\"wpb_column vc_column_container vc_col-sm-12\"><div class=\"vc_column-inner\"><div class=\"wpb_wrapper\"><div class=\"qodef-elements-holder qodef-two-columns qodef-responsive-mode-768 qodef-elements-items-float\" ><div class=\"qodef-elements-holder-item\"  >\n\t<div class=\"qodef-elements-holder-item-inner\">\n\t\t<div class=\"qodef-elements-holder-item-content qodef-elements-holder-custom-964460\" style=\"padding: 2px 42% 14% 0\">\n\t\t\t\t\t\t<style type=\"text\/css\" data-type=\"qodef-elements-custom-padding\" scoped>\n\t\t\t\t\t\t\t\t@media only screen and (min-width: 1280px) and (max-width: 1600px) {\n\t\t\t\t\t.qodef-elements-holder .qodef-elements-holder-item-content.qodef-elements-holder-custom-964460 {\n\t\t\t\t\t\tpadding: 1px 6% 3% 0 !important;\n\t\t\t\t\t}\n\t\t\t\t}\n\t\t\t\t\t\t\t\t\t\t\t\t\t@media only screen and (min-width: 1024px) and (max-width: 1280px) {\n\t\t\t\t\t\t.qodef-elements-holder .qodef-elements-holder-item-content.qodef-elements-holder-custom-964460 {\n\t\t\t\t\t\t\tpadding: 3% 42% 0% 0 !important;\n\t\t\t\t\t\t}\n\t\t\t\t\t}\n\t\t\t\t\t\t\t\t\t\t\t\t@media only screen and (min-width: 768px) and (max-width: 1024px) {\n\t\t\t\t\t.qodef-elements-holder .qodef-elements-holder-item-content.qodef-elements-holder-custom-964460 {\n\t\t\t\t\t\tpadding: 30px 0% 0% 0 !important;\n\t\t\t\t\t}\n\t\t\t\t}\n\t\t\t\t\t\t\t\t\t\t\t\t@media only screen and (min-width: 600px) and (max-width: 768px) {\n\t\t\t\t\t.qodef-elements-holder .qodef-elements-holder-item-content.qodef-elements-holder-custom-964460 {\n\t\t\t\t\t\tpadding: 30px 0% 0% 0 !important;\n\t\t\t\t\t}\n\t\t\t\t}\n\t\t\t\t\t\t\t\t\t\t\t\t@media only screen and (min-width: 480px) and (max-width: 600px) {\n\t\t\t\t\t.qodef-elements-holder .qodef-elements-holder-item-content.qodef-elements-holder-custom-964460 {\n\t\t\t\t\t\tpadding: 30px 0% 0% 0 !important;\n\t\t\t\t\t}\n\t\t\t\t}\n\t\t\t\t\t\t\t\t\t\t\t\t@media only screen and (max-width: 480px) {\n\t\t\t\t\t.qodef-elements-holder .qodef-elements-holder-item-content.qodef-elements-holder-custom-964460 {\n\t\t\t\t\t\tpadding: 30px 0% 0% 0 !important;\n\t\t\t\t\t}\n\t\t\t\t}\n\t\t\t\t\t\t\t\t<\/style>\n\t\t\t\t\t\t<div class=\"vc_empty_space\"   style=\"height: 100px\"><span class=\"vc_empty_space_inner\"><\/span><\/div>\n<div class=\"qodef-custom-font-holder\" style=\"font-family: Montserrat;font-size: 15px;line-height: 20px;font-weight: 400;letter-spacing: 0px;text-align: left;color: #ffffff\" data-font-size= \"15\" data-line-height= \"20\">\n\tBecause yes; Seville is a delight for all the senses and a city full of sensations where you can live unique and exclusive experiences exceeding your desires.\nSeville is impossible to describe in just one word, because when we talk about it we refer to culture, art, tradition, gastronomy, flamenco, bullfighting, elegance and passion.<\/div><div class=\"vc_empty_space\"   style=\"height: 30px\"><span class=\"vc_empty_space_inner\"><\/span><\/div>\n<div class=\"qodef-custom-font-holder\" style=\"font-family: Montserrat;font-size: 15px;line-height: 20px;font-weight: 400;letter-spacing: 0px;text-align: left;color: #ffffff\" data-font-size= \"15\" data-line-height= \"20\">\n\tWith Dfasto, you will be able to know the Seville that is not known and your only concern will be to enjoy its days, afternoons and nights in exclusivity.<\/div><div class=\"vc_empty_space\"   style=\"height: 100px\"><span class=\"vc_empty_space_inner\"><\/span><\/div><a href=\"https:\/\/dfasto.com\/en\/\" target=\"_self\" style=\"color: #ffffff;border-color: #ffffff;margin: 5px 5px 5px 0\" class=\"qodef-btn qodef-btn-small qodef-btn-outline qodef-btn-custom-hover-bg qodef-btn-custom-border-hover qodef-btn-custom-hover-color\" data-hover-bg-color=\"#000000\" data-hover-color=\"#ffffff\" data-hover-border-color=\"#000000\" >\n    <span class=\"qodef-btn-text\">MORE SERVICES<\/span>\n    <\/a><div class=\"vc_empty_space\"   style=\"height: 30px\"><span class=\"vc_empty_space_inner\"><\/span><\/div>\t\t<\/div>\n\t<\/div>\n<\/div><\/div><\/div><\/div><\/div><\/div><\/div><\/div>","protected":false},"excerpt":{"rendered":"Porque s\u00ed, Sevilla es un espect\u00e1culo para todos los sentidos y una cuidad llena de sensaciones donde podr\u00e1s vivir experiencias \u00fanicas y exclusivas superando tus deseos. Sevilla es imposible describirla en una sola palabra, porque cuando hablamos de ella nos referimos a cultura, arte, tradici\u00f3n,...","protected":false},"author":1,"featured_media":0,"parent":0,"menu_order":0,"comment_status":"closed","ping_status":"closed","template":"full-width.php","meta":{"footnotes":""},"class_list":["post-2802","page","type-page","status-publish","hentry"],"_links":{"self":[{"href":"https:\/\/dfasto.com\/en\/wp-json\/wp\/v2\/pages\/2802","targetHints":{"allow":["GET"]}}],"collection":[{"href":"https:\/\/dfasto.com\/en\/wp-json\/wp\/v2\/pages"}],"about":[{"href":"https:\/\/dfasto.com\/en\/wp-json\/wp\/v2\/types\/page"}],"author":[{"embeddable":true,"href":"https:\/\/dfasto.com\/en\/wp-json\/wp\/v2\/users\/1"}],"replies":[{"embeddable":true,"href":"https:\/\/dfasto.com\/en\/wp-json\/wp\/v2\/comments?post=2802"}],"version-history":[{"count":24,"href":"https:\/\/dfasto.com\/en\/wp-json\/wp\/v2\/pages\/2802\/revisions"}],"predecessor-version":[{"id":3170,"href":"https:\/\/dfasto.com\/en\/wp-json\/wp\/v2\/pages\/2802\/revisions\/3170"}],"wp:attachment":[{"href":"https:\/\/dfasto.com\/en\/wp-json\/wp\/v2\/media?parent=2802"}],"curies":[{"name":"wp","href":"https:\/\/api.w.org\/{rel}","templated":true}]}}